{"id":1779,"date":"2023-04-29T17:43:52","date_gmt":"2023-04-29T15:43:52","guid":{"rendered":"https:\/\/www.pvcrecyclingfinder.de\/?page_id=1779"},"modified":"2025-03-30T17:22:28","modified_gmt":"2025-03-30T15:22:28","slug":"agpu","status":"publish","type":"page","link":"https:\/\/www.pvcrecyclingfinder.de\/en\/agpu\/","title":{"rendered":"VinylPlus Germany e.V."},"content":{"rendered":"<div data-elementor-type=\"wp-page\" data-elementor-id=\"1779\" class=\"elementor elementor-1779\" data-elementor-post-type=\"page\">\n\t\t\t\t<div class=\"elementor-element elementor-element-d84407f e-con-full e-flex e-con e-parent\" data-id=\"d84407f\" data-element_type=\"container\">\n\t\t\t\t<div class=\"elementor-element elementor-element-a2118c0 elementor-widget elementor-widget-text-editor\" data-id=\"a2118c0\" data-element_type=\"widget\" data-widget_type=\"text-editor.default\">\n\t\t\t\t\t\t\t\t\t<p>As the voice of the German PVC industry, VinylPlus Deutschland (formerly AGPU) with its more than 50 member companies and partners along the entire PVC value chain has been creating public transparency for more than 30 years and stands for reliable information in dialogue with decision-makers from politics, business, trade and NGOs in Germany.<\/p><p><strong>VinylPlus Germany is committed to PVC as a sustainable material!<\/strong><\/p>\t\t\t\t\t\t\t\t<\/div>\n\t\t\t\t<div class=\"elementor-element elementor-element-b4a579b elementor-widget-divider--view-line_text elementor-widget-divider--element-align-left elementor-widget elementor-widget-divider\" data-id=\"b4a579b\" data-element_type=\"widget\" data-widget_type=\"divider.default\">\n\t\t\t\t\t\t\t<div class=\"elementor-divider\">\n\t\t\t<span class=\"elementor-divider-separator\">\n\t\t\t\t\t\t\t<h2 class=\"elementor-divider__text elementor-divider__element\">\n\t\t\t\tSector network\t\t\t\t<\/h2>\n\t\t\t\t\t\t<\/span>\n\t\t<\/div>\n\t\t\t\t\t\t<\/div>\n\t\t\t\t<div class=\"elementor-element elementor-element-2a35943 elementor-widget elementor-widget-text-editor\" data-id=\"2a35943\" data-element_type=\"widget\" data-widget_type=\"text-editor.default\">\n\t\t\t\t\t\t\t\t\t<p>VinylPlus Germany is the voice of the PVC industry in Germany and represents the entire value chain with its approximately 60 member companies - from raw material production to processing and recycling. VinylPlus Germany offers its members access to an established and wide-ranging industry network, regular expert meetings, workshops and an annual general meeting with the VinylPlus\u00ae Sustainability Forum Germany.<\/p>\t\t\t\t\t\t\t\t<\/div>\n\t\t\t\t<div class=\"elementor-element elementor-element-e12bffc elementor-widget-divider--view-line_text elementor-widget-divider--element-align-left elementor-widget elementor-widget-divider\" data-id=\"e12bffc\" data-element_type=\"widget\" data-widget_type=\"divider.default\">\n\t\t\t\t\t\t\t<div class=\"elementor-divider\">\n\t\t\t<span class=\"elementor-divider-separator\">\n\t\t\t\t\t\t\t<h2 class=\"elementor-divider__text elementor-divider__element\">\n\t\t\t\tBundled knowledge\t\t\t\t<\/h2>\n\t\t\t\t\t\t<\/span>\n\t\t<\/div>\n\t\t\t\t\t\t<\/div>\n\t\t\t\t<div class=\"elementor-element elementor-element-8dd8dac elementor-widget elementor-widget-text-editor\" data-id=\"8dd8dac\" data-element_type=\"widget\" data-widget_type=\"text-editor.default\">\n\t\t\t\t\t\t\t\t\t<p>VinylPlus Germany pools the knowledge of many experts and promotes its exchange.  In addition, VinylPlus Germany - also together with partner associations - regularly publishes current studies and data on PVC in Germany, continuously evaluates media and legislative processes on relevant PVC topics and makes the results exclusively available to members in the weekly PVCTicker in German and English.<\/p>\t\t\t\t\t\t\t\t<\/div>\n\t\t\t\t<div class=\"elementor-element elementor-element-5107f18 elementor-widget-divider--view-line_text elementor-widget-divider--element-align-left elementor-widget elementor-widget-divider\" data-id=\"5107f18\" data-element_type=\"widget\" data-widget_type=\"divider.default\">\n\t\t\t\t\t\t\t<div class=\"elementor-divider\">\n\t\t\t<span class=\"elementor-divider-separator\">\n\t\t\t\t\t\t\t<h2 class=\"elementor-divider__text elementor-divider__element\">\n\t\t\t\tOpen dialogue\t\t\t\t<\/h2>\n\t\t\t\t\t\t<\/span>\n\t\t<\/div>\n\t\t\t\t\t\t<\/div>\n\t\t\t\t<div class=\"elementor-element elementor-element-5f61386 elementor-widget elementor-widget-text-editor\" data-id=\"5f61386\" data-element_type=\"widget\" data-widget_type=\"text-editor.default\">\n\t\t\t\t\t\t\t\t\t<p>VinylPlus Germany communicates the goals and successes of the European VinylPlus\u00ae sustainability programme.  In addition, VinylPlus Germany maintains an intensive dialogue with decision-makers and opinion leaders, creates transparency and thus builds trust in the sustainable development of the material. This includes sending regular newsletters to relevant target groups, producing brochures and specific information materials, and writing statements and letters to the editor to the media, politicians and authorities, even when PVC as a material comes under unjustified criticism.<\/p>\t\t\t\t\t\t\t\t<\/div>\n\t\t\t\t<div class=\"elementor-element elementor-element-812e391 elementor-view-default elementor-position-block-start elementor-mobile-position-block-start elementor-widget elementor-widget-icon-box\" data-id=\"812e391\" data-element_type=\"widget\" data-widget_type=\"icon-box.default\">\n\t\t\t\t\t\t\t<div class=\"elementor-icon-box-wrapper\">\n\n\t\t\t\t\t\t<div class=\"elementor-icon-box-icon\">\n\t\t\t\t<span  class=\"elementor-icon\">\n\t\t\t\t<svg aria-hidden=\"true\" class=\"e-font-icon-svg e-fas-info-circle\" viewbox=\"0 0 512 512\" xmlns=\"http:\/\/www.w3.org\/2000\/svg\"><path d=\"M256 8C119.043 8 8 119.083 8 256c0 136.997 111.043 248 248 248s248-111.003 248-248C504 119.083 392.957 8 256 8zm0 110c23.196 0 42 18.804 42 42s-18.804 42-42 42-42-18.804-42-42 18.804-42 42-42zm56 254c0 6.627-5.373 12-12 12h-88c-6.627 0-12-5.373-12-12v-24c0-6.627 5.373-12 12-12h12v-64h-12c-6.627 0-12-5.373-12-12v-24c0-6.627 5.373-12 12-12h64c6.627 0 12 5.373 12 12v100h12c6.627 0 12 5.373 12 12v24z\"><\/path><\/svg>\t\t\t\t<\/span>\n\t\t\t<\/div>\n\t\t\t\n\t\t\t\t\t\t<div class=\"elementor-icon-box-content\">\n\n\t\t\t\t\t\t\t\t\t<h3 class=\"elementor-icon-box-title\">\n\t\t\t\t\t\t<span  >\n\t\t\t\t\t\t\tTHIS IS WHY MEMBERSHIP IS WORTHWHILE\t\t\t\t\t\t<\/span>\n\t\t\t\t\t<\/h3>\n\t\t\t\t\n\t\t\t\t\t\t\t\t\t<p class=\"elementor-icon-box-description\">\n\t\t\t\t\t\tWe offer our members access to decision-makers in politics, industry, authorities, the construction industry, to journalists and important opinion leaders.  The close cooperation with VinylPlus\u00ae offers a view beyond Germany, opens up the European perspective and ensures a uniform sender of our messages. In cooperation with other associations in the plastics industry, we regularly produce up-to-date studies and data surveys on PVC in Germany. Press releases flank events and important events for the industry.<br><br>\n<p><a href=\"http:\/\/www.agpu.de\/agpu\/mitgliedschaft\">You can find more information and details of the extensive services here.<\/a><\/p>\t\t\t\t\t<\/p>\n\t\t\t\t\n\t\t\t<\/div>\n\t\t\t\n\t\t<\/div>\n\t\t\t\t\t\t<\/div>\n\t\t\t\t<\/div>\n\t\t\t\t<\/div>","protected":false},"excerpt":{"rendered":"<p>Als Stimme der deutschen PVC-Branche schafft VinylPlus Deutschland (vormals AGPU) mit seinen \u00fcber 50 Mitgliedsunternehmen und Partnern entlang der gesamten PVC-Wertsch\u00f6pfungskette seit \u00fcber 30 Jahren Transparenz in der \u00d6ffentlichkeit und steht f\u00fcr zuverl\u00e4ssige Informationen im Dialog mit Entscheidern aus Politik, Wirtschaft, Handel und NGOs in Deutschland. VinylPlus Deutschland engagiert sich f\u00fcr den zukunftsf\u00e4higen Werkstoff PVC! [&hellip;]<\/p>\n","protected":false},"author":1,"featured_media":0,"parent":0,"menu_order":0,"comment_status":"closed","ping_status":"closed","template":"","meta":{"_acf_changed":false,"footnotes":""},"class_list":["post-1779","page","type-page","status-publish","hentry"],"acf":[],"_links":{"self":[{"href":"https:\/\/www.pvcrecyclingfinder.de\/en\/wp-json\/wp\/v2\/pages\/1779","targetHints":{"allow":["GET"]}}],"collection":[{"href":"https:\/\/www.pvcrecyclingfinder.de\/en\/wp-json\/wp\/v2\/pages"}],"about":[{"href":"https:\/\/www.pvcrecyclingfinder.de\/en\/wp-json\/wp\/v2\/types\/page"}],"author":[{"embeddable":true,"href":"https:\/\/www.pvcrecyclingfinder.de\/en\/wp-json\/wp\/v2\/users\/1"}],"replies":[{"embeddable":true,"href":"https:\/\/www.pvcrecyclingfinder.de\/en\/wp-json\/wp\/v2\/comments?post=1779"}],"version-history":[{"count":0,"href":"https:\/\/www.pvcrecyclingfinder.de\/en\/wp-json\/wp\/v2\/pages\/1779\/revisions"}],"wp:attachment":[{"href":"https:\/\/www.pvcrecyclingfinder.de\/en\/wp-json\/wp\/v2\/media?parent=1779"}],"curies":[{"name":"wp","href":"https:\/\/api.w.org\/{rel}","templated":true}]}}